{"id":2004,"date":"2024-01-30T12:45:19","date_gmt":"2024-01-30T11:45:19","guid":{"rendered":"https:\/\/castelloraphael.com\/politique-de-confidentialite\/"},"modified":"2024-07-08T12:08:59","modified_gmt":"2024-07-08T10:08:59","slug":"politique-de-confidentialite","status":"publish","type":"page","link":"https:\/\/castelloraphael.com\/fr\/politique-de-confidentialite\/","title":{"rendered":"Politique de confidentialit\u00e9"},"content":{"rendered":"\t\t<div data-elementor-type=\"wp-page\" data-elementor-id=\"2004\" class=\"elementor elementor-2004 elementor-3\">\n\t\t\t\t<div class=\"elementor-element elementor-element-6774bba e-flex e-con-boxed e-con e-parent\" data-id=\"6774bba\" data-element_type=\"container\" data-settings=\"{&quot;background_background&quot;:&quot;classic&quot;,&quot;content_width&quot;:&quot;boxed&quot;}\" data-core-v316-plus=\"true\">\n\t\t\t\t\t<div class=\"e-con-inner\">\n\t\t<div class=\"elementor-element elementor-element-02f630e e-con-full e-flex e-con e-child\" data-id=\"02f630e\" data-element_type=\"container\" data-settings=\"{&quot;content_width&quot;:&quot;full&quot;}\">\n\t\t\t\t<div class=\"elementor-element elementor-element-27aa548 elementor-invisible elementor-widget elementor-widget-heading\" data-id=\"27aa548\" data-element_type=\"widget\" data-settings=\"{&quot;_animation&quot;:&quot;fadeIn&quot;}\" data-widget_type=\"heading.default\">\n\t\t\t\t<div class=\"elementor-widget-container\">\n\t\t\t<style>\/*! elementor - v3.19.0 - 29-01-2024 *\/\n.elementor-heading-title{padding:0;margin:0;line-height:1}.elementor-widget-heading .elementor-heading-title[class*=elementor-size-]>a{color:inherit;font-size:inherit;line-height:inherit}.elementor-widget-heading .elementor-heading-title.elementor-size-small{font-size:15px}.elementor-widget-heading .elementor-heading-title.elementor-size-medium{font-size:19px}.elementor-widget-heading .elementor-heading-title.elementor-size-large{font-size:29px}.elementor-widget-heading .elementor-heading-title.elementor-size-xl{font-size:39px}.elementor-widget-heading .elementor-heading-title.elementor-size-xxl{font-size:59px}<\/style><h2 class=\"elementor-heading-title elementor-size-default\">Politique de confidentialit\u00e9<\/h2>\t\t<\/div>\n\t\t\t\t<\/div>\n\t\t\t\t<\/div>\n\t\t\t\t\t<\/div>\n\t\t\t\t<\/div>\n\t\t<div class=\"elementor-element elementor-element-14768193 e-flex e-con-boxed e-con e-parent\" data-id=\"14768193\" data-element_type=\"container\" data-settings=\"{&quot;content_width&quot;:&quot;boxed&quot;}\" data-core-v316-plus=\"true\">\n\t\t\t\t\t<div class=\"e-con-inner\">\n\t\t\t\t<div class=\"elementor-element elementor-element-4909ae98 elementor-widget elementor-widget-text-editor\" data-id=\"4909ae98\" data-element_type=\"widget\" data-widget_type=\"text-editor.default\">\n\t\t\t\t<div class=\"elementor-widget-container\">\n\t\t\t<style>\/*! elementor - v3.19.0 - 29-01-2024 *\/\n.elementor-widget-text-editor.elementor-drop-cap-view-stacked .elementor-drop-cap{background-color:#69727d;color:#fff}.elementor-widget-text-editor.elementor-drop-cap-view-framed .elementor-drop-cap{color:#69727d;border:3px solid;background-color:transparent}.elementor-widget-text-editor:not(.elementor-drop-cap-view-default) .elementor-drop-cap{margin-top:8px}.elementor-widget-text-editor:not(.elementor-drop-cap-view-default) .elementor-drop-cap-letter{width:1em;height:1em}.elementor-widget-text-editor .elementor-drop-cap{float:left;text-align:center;line-height:1;font-size:50px}.elementor-widget-text-editor .elementor-drop-cap-letter{display:inline-block}<\/style>\t\t\t\t<p><\/p>\n<p><strong>Informations conform\u00e9ment \u00e0 l&rsquo;art. 13 du Code de la protection de la vie priv\u00e9e<\/strong><\/p>\n<p><b>Conform\u00e9ment \u00e0 l&rsquo;article 13 du D.Lgs. 196\/2003, nous vous communiquons les informations suivantes.<\/b><\/p>\n<p>&nbsp;\u00c0 <b>https:\/\/www.castelloraphael.com<\/b>, nous consid\u00e9rons que le respect de la vie priv\u00e9e de nos visiteurs est extr\u00eamement important. Ce document d\u00e9crit en d\u00e9tail les types d&rsquo;informations personnelles collect\u00e9es et enregistr\u00e9es par notre site et la mani\u00e8re dont elles sont utilis\u00e9es.<\/p>\n<h3>Fichiers journaux<\/h3>\n<p>Comme beaucoup d&rsquo;autres sites web, le n\u00f4tre utilise des fichiers journaux. Ces fichiers enregistrent simplement les visiteurs du site &#8211; il s&rsquo;agit g\u00e9n\u00e9ralement d&rsquo;une proc\u00e9dure standard des soci\u00e9t\u00e9s d&rsquo;h\u00e9bergement et des services d&rsquo;analyse de l&rsquo;h\u00e9bergement.<\/p>\n<p>Les informations contenues dans les fichiers journaux comprennent les adresses IP (Internet Protocol), le type de navigateur, le fournisseur d&rsquo;acc\u00e8s \u00e0 Internet (FAI), des informations telles que la date et l&rsquo;heure, les pages de r\u00e9f\u00e9rence, les pages de sortie et d&rsquo;entr\u00e9e ou le nombre de clics.<\/p>\n<p>Ces informations sont utilis\u00e9es pour analyser les tendances, administrer le site, suivre les mouvements des utilisateurs sur le site et recueillir des informations d\u00e9mographiques. Les adresses IP et autres informations ne sont pas li\u00e9es \u00e0 des informations personnellement identifiables, de sorte que <strong>toutes les donn\u00e9es sont collect\u00e9es sous une forme absolument anonyme<\/strong>.<\/p>\n<div style=\"display: block;\">\n<h3>Ce site utilise des cookies<\/h3>\n<p>Les cookies sont de petits fichiers texte qui sont automatiquement plac\u00e9s sur le PC de l&rsquo;internaute dans le navigateur. Ils contiennent des informations de base sur la navigation Internet et sont reconnus par le navigateur chaque fois que l&rsquo;utilisateur visite le site.<\/p>\n<h3>Politique en mati\u00e8re de cookies<\/h3>\n<p>Ce site utilise des cookies, y compris des cookies tiers, pour am\u00e9liorer l&rsquo;exp\u00e9rience de navigation, permettre aux internautes de profiter de tous les services en ligne et surveiller la navigation sur le site.<\/p>\n<h3>Comment d\u00e9sactiver les cookies<\/h3>\n<p>Il est possible de d\u00e9sactiver les cookies directement \u00e0 partir du navigateur utilis\u00e9, en acc\u00e9dant aux param\u00e8tres (pr\u00e9f\u00e9rences ou options) : ce choix peut limiter certaines fonctions de navigation du site.<\/p>\n<h3>Gestion des cookies<\/h3>\n<p>Les cookies utilis\u00e9s sur ce site peuvent entrer dans les cat\u00e9gories d\u00e9crites ci-dessous.<\/p>\n<ul>\n<li><strong>Activit\u00e9s strictement n\u00e9cessaires au fonctionnement<\/strong>\n<p>Ces cookies sont de nature technique et permettent au site de fonctionner correctement. Par exemple, ils permettent \u00e0 l&rsquo;utilisateur de rester connect\u00e9 pendant la navigation en emp\u00eachant le site de demander \u00e0 l&rsquo;utilisateur de se connecter plusieurs fois pour acc\u00e9der aux pages suivantes.<\/p>\n<\/li>\n<li><strong>Sauvegarde des pr\u00e9f\u00e9rences<\/strong>\n<p>Ces cookies permettent de m\u00e9moriser les pr\u00e9f\u00e9rences s\u00e9lectionn\u00e9es par l&rsquo;utilisateur lors de la navigation, par exemple, ils permettent \u00e0 l&rsquo;utilisateur de r\u00e9gler la langue.<\/p>\n<\/li>\n<li><strong>Activit\u00e9s statistiques et de mesure d&rsquo;audience (par exemple, Google Analytics)<\/strong>\n<p>Ces cookies nous aident \u00e0 comprendre, gr\u00e2ce \u00e0 des donn\u00e9es anonymes et agr\u00e9g\u00e9es, comment les utilisateurs interagissent avec les sites web en fournissant des informations sur les sections visit\u00e9es, le temps pass\u00e9 sur le site et les \u00e9ventuels dysfonctionnements. Cela permet d&rsquo;am\u00e9liorer les performances des sites web.<\/p>\n<\/li>\n<li><strong>Cookies de m\u00e9dias sociaux (par exemple Facebook)<\/strong>\n<p>Ces cookies tiers sont utilis\u00e9s pour int\u00e9grer certaines fonctions de m\u00e9dias sociaux populaires et les fournir sur le site. Ils permettent notamment l&rsquo;inscription et l&rsquo;authentification sur le site via Facebook et Google Connect, le partage et le commentaire des pages du site sur les r\u00e9seaux sociaux, et activent la fonction \u00ab\u00a0like\u00a0\u00bb sur Facebook et la fonction \u00ab\u00a0+1\u2033 sur G+.<\/p>\n<\/li>\n<\/ul>\n<\/div>\n<div style=\"display: none;\">\n<h3>Fournisseurs tiers<\/h3>\n<p>Des fournisseurs tiers, y compris Google, utilisent des cookies pour diffuser des annonces bas\u00e9es sur les visites pr\u00e9c\u00e9dentes d&rsquo;un utilisateur sur ce site.<\/p>\n<p>L&rsquo;utilisation de cookies publicitaires permet \u00e0 Google et \u00e0 ses partenaires de diffuser des annonces aux utilisateurs de ce site (et d&rsquo;autres sites) en fonction des donn\u00e9es statistiques collect\u00e9es sur ce site et sur les sites des partenaires de Google.<\/p>\n<p>Les utilisateurs peuvent choisir de d\u00e9sactiver la publicit\u00e9 personnalis\u00e9e en visitant la page <a href=\"https:\/\/www.google.com\/settings\/ads\" target=\"_blank\" rel=\"noopener\">Param\u00e8tres de la publicit\u00e9<\/a>.<\/p>\n<p>En visitant www.aboutads.info, vous pouvez d\u00e9sactiver les cookies des fournisseurs tiers.<\/p>\n<\/div>\n<div style=\"display: block;\">\n<h3>Nos partenaires publicitaires<\/h3>\n<p>Certains de nos partenaires publicitaires peuvent utiliser des cookies sur notre site pour collecter des donn\u00e9es sur la navigation des utilisateurs sous une forme anonyme. Nos partenaires publicitaires sont les suivants :<\/p>\n<ul>\n<li style=\"display: none;\">Amazon<\/li>\n<li style=\"display: none;\">Ebay<\/li>\n<li style=\"display: none;\">&nbsp;<\/li>\n<\/ul>\n<p>Des fournisseurs tiers exploitent des r\u00e9seaux publicitaires qui utilisent la technologie des cookies dans leurs publicit\u00e9s et les liens qui apparaissent sur notre site. Les publicit\u00e9s sont donc envoy\u00e9es directement \u00e0 votre navigateur. Ils recevront automatiquement votre adresse IP. D&rsquo;autres technologies (telles que les cookies ou JavaScript) peuvent \u00e9galement \u00eatre utilis\u00e9es par des r\u00e9seaux publicitaires tiers sur notre site pour mesurer l&rsquo;efficacit\u00e9 de leurs campagnes publicitaires et\/ou personnaliser le contenu publicitaire que vous voyez sur le site.<\/p>\n<p>Notre site n&rsquo;a pas acc\u00e8s \u00e0 ces cookies utilis\u00e9s par des annonceurs tiers et ne les contr\u00f4le pas.<\/p>\n<h3>Politique de confidentialit\u00e9 des tiers<\/h3>\n<p>Vous devez consulter les politiques de confidentialit\u00e9 respectives de ces serveurs tiers pour plus d&rsquo;informations sur leurs pratiques et pour obtenir des instructions sur la mani\u00e8re de d\u00e9sactiver certaines pratiques.<\/p>\n<p>Notre politique de confidentialit\u00e9 ne s&rsquo;applique pas aux vendeurs tiers et aux partenaires publicitaires, et nous ne pouvons pas contr\u00f4ler les activit\u00e9s de ces autres annonceurs ou sites web.<\/p>\n<p>Si vous souhaitez d\u00e9sactiver les cookies, vous pouvez le faire via les options de votre navigateur. Vous trouverez de plus amples informations sur la gestion des cookies avec des navigateurs web sp\u00e9cifiques sur les sites web des navigateurs respectifs<\/p>\n<\/div>\n<h3>Finalit\u00e9 du traitement<\/h3>\n<p>Les donn\u00e9es peuvent \u00eatre collect\u00e9es pour une ou plusieurs des raisons suivantes :<\/p>\n<ul>\n<li>permettre l&rsquo;acc\u00e8s \u00e0 des zones restreintes du portail et des portails\/sites li\u00e9s \u00e0 celui-ci et l&rsquo;envoi de communications, m\u00eame de nature commerciale, de nouvelles, de mises \u00e0 jour sur les initiatives de ce site et des entreprises contr\u00f4l\u00e9es et\/ou li\u00e9es et\/ou des sponsors.<\/li>\n<li>le transfert \u00e9ventuel des donn\u00e9es susmentionn\u00e9es \u00e0 des tiers, toujours dans le but de r\u00e9aliser des campagnes de marketing par courrier \u00e9lectronique et d&rsquo;envoyer des communications commerciales.<\/li>\n<li>s&rsquo;acquitter d&rsquo;obligations l\u00e9gales ou r\u00e9glementaires ;<\/li>\n<li>la gestion des contacts ;<\/li>\n<\/ul>\n<h3>Modalit\u00e9s de traitement<\/h3>\n<p>Les donn\u00e9es seront trait\u00e9es de la mani\u00e8re suivante :<\/p>\n<ul>\n<li>la collecte de donn\u00e9es en monoposte, dans une base de donn\u00e9es d\u00e9di\u00e9e ;<\/li>\n<li>l&rsquo;enregistrement et le traitement sur papier et\/ou sur support magn\u00e9tique ;<\/li>\n<li>l&rsquo;organisation d&rsquo;archives sous une forme essentiellement automatis\u00e9e, conform\u00e9ment au R\u00e8glement technique sur les mesures de s\u00e9curit\u00e9 minimales, annexe B du Code de la protection de la vie priv\u00e9e.<\/li>\n<\/ul>\n<h3>Caract\u00e8re obligatoire<\/h3>\n<p>Toutes les donn\u00e9es demand\u00e9es sont obligatoires.<\/p>\n<div style=\"display: block;\">\n<h3>Personnes auxquelles les donn\u00e9es peuvent \u00eatre divulgu\u00e9es<\/h3>\n<p>Les donn\u00e9es collect\u00e9es peuvent \u00eatre communiqu\u00e9es \u00e0<\/p>\n<ul>\n<li>les soci\u00e9t\u00e9s et les entreprises pour le publipostage ou des activit\u00e9s similaires ;<\/li>\n<li>les associations et fondations souhaitant acheter des espaces publicitaires sur les listes ou sur le site et\/ou li\u00e9s \u00e0 la fourniture d&rsquo;un service particulier.<\/li>\n<li>les personnes qui doivent avoir acc\u00e8s aux donn\u00e9es, conform\u00e9ment aux dispositions l\u00e9gales ou aux r\u00e9glementations secondaires et\/ou europ\u00e9ennes.<\/li>\n<\/ul>\n<\/div>\n<h3>Droits de la personne concern\u00e9e<\/h3>\n<p>Conform\u00e9ment \u00e0 l&rsquo;art. 7 (Droit d&rsquo;acc\u00e8s aux donn\u00e9es \u00e0 caract\u00e8re personnel et autres droits) du Code de la protection de la vie priv\u00e9e, nous vous informons que vos droits en mati\u00e8re de traitement des donn\u00e9es sont les suivants :<\/p>\n<ul>\n<li>conna\u00eetre, gr\u00e2ce \u00e0 un acc\u00e8s gratuit, l&rsquo;existence de traitements de donn\u00e9es qui peuvent vous concerner ;<\/li>\n<li>\u00eatre inform\u00e9 de la nature et de la finalit\u00e9 du traitement<\/li>\n<li>obtenir du titulaire, sans d\u00e9lai<\/li><li>la confirmation de l&rsquo;existence ou non de donn\u00e9es \u00e0 caract\u00e8re personnel vous concernant, m\u00eame si elles n&rsquo;ont pas encore \u00e9t\u00e9 enregistr\u00e9es, et la communication, sous forme intelligible, de ces donn\u00e9es et de leur origine, ainsi que de la logique et des finalit\u00e9s sur lesquelles se fonde le traitement ; la demande peut \u00eatre renouvel\u00e9e, sous r\u00e9serve de l&rsquo;existence de motifs justifi\u00e9s, \u00e0 un intervalle d&rsquo;au moins quatre-vingt-dix jours ;<\/li><li>l&rsquo;effacement, la transformation sous forme anonyme ou le verrouillage des donn\u00e9es trait\u00e9es en violation de la loi, y compris les donn\u00e9es dont la conservation n&rsquo;est pas n\u00e9cessaire au regard des finalit\u00e9s pour lesquelles elles ont \u00e9t\u00e9 collect\u00e9es ou trait\u00e9es ult\u00e9rieurement ;<\/li><li>la mise \u00e0 jour, la rectification ou, le cas \u00e9ch\u00e9ant, l&rsquo;int\u00e9gration des donn\u00e9es existantes ;<\/li><li>s&rsquo;opposer, en tout ou en partie, pour des raisons l\u00e9gitimes, au traitement des donn\u00e9es \u00e0 caract\u00e8re personnel vous concernant, m\u00eame si elles sont pertinentes au regard de la finalit\u00e9 de la collecte ;<\/li>\n<\/ul>\n<p>Veuillez noter que le responsable du traitement des donn\u00e9es \u00e0 des fins juridiques est :<\/p>\n<ul>\n<li><b>Ch\u00e2teau de Rapha\u00ebl<\/b><\/li>\n<li style=\"display: block;\">P. TVA 10397821009<\/li>\n<li style=\"display: none;\">Code fiscal :<\/li>\n<li>Via di Casal Boccon, 256&nbsp;<\/li>\n<li>00139 &#8211; Rome (RM)<\/li>\n<li>Courriel : info@castelloraphael.com<\/li>\n<\/ul>\n<p>Pour exercer vos droits en vertu de l&rsquo;art. 7 du Code de la protection de la vie priv\u00e9e ou de faire supprimer vos donn\u00e9es des archives, il vous suffit de nous contacter par l&rsquo;un des canaux pr\u00e9vus \u00e0 cet effet.<\/p>\n<p>Toutes les donn\u00e9es sont prot\u00e9g\u00e9es par l&rsquo;utilisation d&rsquo;un antivirus, d&rsquo;un pare-feu et d&rsquo;une protection par mot de passe.<\/p>\n<h3>Informations pour les enfants<\/h3>\n<p>Nous estimons qu&rsquo;il est important de renforcer la protection des enfants en ligne. Nous encourageons les parents et les tuteurs \u00e0 passer du temps en ligne avec leurs enfants pour observer, participer et\/ou surveiller et guider leur activit\u00e9 en ligne. Nous ne collectons pas de donn\u00e9es personnelles aupr\u00e8s des mineurs. Si un parent ou un tuteur pense que notre site contient des informations personnelles d&rsquo;un enfant dans sa base de donn\u00e9es, veuillez nous contacter imm\u00e9diatement (en utilisant l&rsquo;adresse \u00e9lectronique fournie) et nous ferons tout notre possible pour supprimer ces informations dans les plus brefs d\u00e9lais.<\/p>\n<p>Cette politique de confidentialit\u00e9 ne s&rsquo;applique qu&rsquo;\u00e0 nos activit\u00e9s en ligne, aux visiteurs de notre site web et aux informations partag\u00e9es et\/ou collect\u00e9es. Cette politique ne s&rsquo;applique pas aux informations collect\u00e9es hors ligne ou par d&rsquo;autres canaux que le pr\u00e9sent site web.<\/p>\n<h3>Consentement<\/h3>\n<p>En utilisant notre site web, vous consentez \u00e0 notre politique de confidentialit\u00e9 et en acceptez les termes. Si vous souhaitez obtenir de plus amples informations ou si vous avez des questions concernant notre politique de confidentialit\u00e9, n&rsquo;h\u00e9sitez pas \u00e0 nous contacter.<\/p>\n<p><\/p>\t\t\t\t\t\t<\/div>\n\t\t\t\t<\/div>\n\t\t\t\t\t<\/div>\n\t\t\t\t<\/div>\n\t\t\t\t<\/div>\n\t\t","protected":false},"excerpt":{"rendered":"<p>Politique de confidentialit\u00e9 Informations conform\u00e9ment \u00e0 l&rsquo;art. 13 du Code de la protection de la vie priv\u00e9e Conform\u00e9ment \u00e0 l&rsquo;article 13 du D.Lgs. 196\/2003, nous vous communiquons les informations suivantes. &nbsp;\u00c0 https:\/\/www.castelloraphael.com, nous consid\u00e9rons que le respect de la vie priv\u00e9e de nos visiteurs est extr\u00eamement important. Ce document d\u00e9crit en d\u00e9tail les types d&rsquo;informations [&hellip;]<\/p>\n","protected":false},"author":1,"featured_media":0,"parent":0,"menu_order":0,"comment_status":"closed","ping_status":"open","template":"","meta":{"_monsterinsights_skip_tracking":false,"_monsterinsights_sitenote_active":false,"_monsterinsights_sitenote_note":"","_monsterinsights_sitenote_category":0,"footnotes":""},"aioseo_notices":[],"yoast_head":"<!-- This site is optimized with the Yoast SEO plugin v21.9.1 - https:\/\/yoast.com\/wordpress\/plugins\/seo\/ -->\n<title>Politique de confidentialit\u00e9 - Castello Raphael<\/title>\n<meta name=\"robots\" content=\"noindex, follow\" \/>\n<meta property=\"og:locale\" content=\"fr_FR\" \/>\n<meta property=\"og:type\" content=\"article\" \/>\n<meta property=\"og:title\" content=\"Politique de confidentialit\u00e9 - Castello Raphael\" \/>\n<meta property=\"og:description\" content=\"Politique de confidentialit\u00e9 Informations conform\u00e9ment \u00e0 l&rsquo;art. 13 du Code de la protection de la vie priv\u00e9e Conform\u00e9ment \u00e0 l&rsquo;article 13 du D.Lgs. 196\/2003, nous vous communiquons les informations suivantes. &nbsp;\u00c0 https:\/\/www.castelloraphael.com, nous consid\u00e9rons que le respect de la vie priv\u00e9e de nos visiteurs est extr\u00eamement important. Ce document d\u00e9crit en d\u00e9tail les types d&rsquo;informations [&hellip;]\" \/>\n<meta property=\"og:url\" content=\"https:\/\/castelloraphael.com\/fr\/politique-de-confidentialite\/\" \/>\n<meta property=\"og:site_name\" content=\"Castello Raphael\" \/>\n<meta property=\"article:publisher\" content=\"https:\/\/www.facebook.com\/p\/Castello-Raphael-61557281601395\/\" \/>\n<meta property=\"article:modified_time\" content=\"2024-07-08T10:08:59+00:00\" \/>\n<meta property=\"og:image\" content=\"https:\/\/castelloraphael.com\/wp-content\/uploads\/2024\/05\/IMG-20240426-WA0009.jpg\" \/>\n\t<meta property=\"og:image:width\" content=\"1600\" \/>\n\t<meta property=\"og:image:height\" content=\"1064\" \/>\n\t<meta property=\"og:image:type\" content=\"image\/jpeg\" \/>\n<meta name=\"twitter:card\" content=\"summary_large_image\" \/>\n<meta name=\"twitter:label1\" content=\"Dur\u00e9e de lecture estim\u00e9e\" \/>\n\t<meta name=\"twitter:data1\" content=\"9 minutes\" \/>\n<script type=\"application\/ld+json\" class=\"yoast-schema-graph\">{\"@context\":\"https:\/\/schema.org\",\"@graph\":[{\"@type\":\"WebPage\",\"@id\":\"https:\/\/castelloraphael.com\/fr\/politique-de-confidentialite\/\",\"url\":\"https:\/\/castelloraphael.com\/fr\/politique-de-confidentialite\/\",\"name\":\"Politique de confidentialit\u00e9 - Castello Raphael\",\"isPartOf\":{\"@id\":\"https:\/\/castelloraphael.com\/fr\/#website\"},\"datePublished\":\"2024-01-30T11:45:19+00:00\",\"dateModified\":\"2024-07-08T10:08:59+00:00\",\"breadcrumb\":{\"@id\":\"https:\/\/castelloraphael.com\/fr\/politique-de-confidentialite\/#breadcrumb\"},\"inLanguage\":\"fr-FR\",\"potentialAction\":[{\"@type\":\"ReadAction\",\"target\":[\"https:\/\/castelloraphael.com\/fr\/politique-de-confidentialite\/\"]}]},{\"@type\":\"BreadcrumbList\",\"@id\":\"https:\/\/castelloraphael.com\/fr\/politique-de-confidentialite\/#breadcrumb\",\"itemListElement\":[{\"@type\":\"ListItem\",\"position\":1,\"name\":\"Home\",\"item\":\"https:\/\/castelloraphael.com\/fr\/\"},{\"@type\":\"ListItem\",\"position\":2,\"name\":\"Politique de confidentialit\u00e9\"}]},{\"@type\":\"WebSite\",\"@id\":\"https:\/\/castelloraphael.com\/fr\/#website\",\"url\":\"https:\/\/castelloraphael.com\/fr\/\",\"name\":\"Castello Raphael\",\"description\":\"Wedding And Event\",\"publisher\":{\"@id\":\"https:\/\/castelloraphael.com\/fr\/#organization\"},\"potentialAction\":[{\"@type\":\"SearchAction\",\"target\":{\"@type\":\"EntryPoint\",\"urlTemplate\":\"https:\/\/castelloraphael.com\/fr\/?s={search_term_string}\"},\"query-input\":\"required name=search_term_string\"}],\"inLanguage\":\"fr-FR\"},{\"@type\":\"Organization\",\"@id\":\"https:\/\/castelloraphael.com\/fr\/#organization\",\"name\":\"Castello Raphael\",\"url\":\"https:\/\/castelloraphael.com\/fr\/\",\"logo\":{\"@type\":\"ImageObject\",\"inLanguage\":\"fr-FR\",\"@id\":\"https:\/\/castelloraphael.com\/fr\/#\/schema\/logo\/image\/\",\"url\":\"https:\/\/castelloraphael.com\/wp-content\/uploads\/2024\/01\/LOGHI-X-SITO-02.png\",\"contentUrl\":\"https:\/\/castelloraphael.com\/wp-content\/uploads\/2024\/01\/LOGHI-X-SITO-02.png\",\"width\":737,\"height\":385,\"caption\":\"Castello Raphael\"},\"image\":{\"@id\":\"https:\/\/castelloraphael.com\/fr\/#\/schema\/logo\/image\/\"},\"sameAs\":[\"https:\/\/www.facebook.com\/p\/Castello-Raphael-61557281601395\/\"]}]}<\/script>\n<!-- \/ Yoast SEO plugin. -->","yoast_head_json":{"title":"Politique de confidentialit\u00e9 - Castello Raphael","robots":{"index":"noindex","follow":"follow"},"og_locale":"fr_FR","og_type":"article","og_title":"Politique de confidentialit\u00e9 - Castello Raphael","og_description":"Politique de confidentialit\u00e9 Informations conform\u00e9ment \u00e0 l&rsquo;art. 13 du Code de la protection de la vie priv\u00e9e Conform\u00e9ment \u00e0 l&rsquo;article 13 du D.Lgs. 196\/2003, nous vous communiquons les informations suivantes. &nbsp;\u00c0 https:\/\/www.castelloraphael.com, nous consid\u00e9rons que le respect de la vie priv\u00e9e de nos visiteurs est extr\u00eamement important. Ce document d\u00e9crit en d\u00e9tail les types d&rsquo;informations [&hellip;]","og_url":"https:\/\/castelloraphael.com\/fr\/politique-de-confidentialite\/","og_site_name":"Castello Raphael","article_publisher":"https:\/\/www.facebook.com\/p\/Castello-Raphael-61557281601395\/","article_modified_time":"2024-07-08T10:08:59+00:00","og_image":[{"width":1600,"height":1064,"url":"https:\/\/castelloraphael.com\/wp-content\/uploads\/2024\/05\/IMG-20240426-WA0009.jpg","type":"image\/jpeg"}],"twitter_card":"summary_large_image","twitter_misc":{"Dur\u00e9e de lecture estim\u00e9e":"9 minutes"},"schema":{"@context":"https:\/\/schema.org","@graph":[{"@type":"WebPage","@id":"https:\/\/castelloraphael.com\/fr\/politique-de-confidentialite\/","url":"https:\/\/castelloraphael.com\/fr\/politique-de-confidentialite\/","name":"Politique de confidentialit\u00e9 - Castello Raphael","isPartOf":{"@id":"https:\/\/castelloraphael.com\/fr\/#website"},"datePublished":"2024-01-30T11:45:19+00:00","dateModified":"2024-07-08T10:08:59+00:00","breadcrumb":{"@id":"https:\/\/castelloraphael.com\/fr\/politique-de-confidentialite\/#breadcrumb"},"inLanguage":"fr-FR","potentialAction":[{"@type":"ReadAction","target":["https:\/\/castelloraphael.com\/fr\/politique-de-confidentialite\/"]}]},{"@type":"BreadcrumbList","@id":"https:\/\/castelloraphael.com\/fr\/politique-de-confidentialite\/#breadcrumb","itemListElement":[{"@type":"ListItem","position":1,"name":"Home","item":"https:\/\/castelloraphael.com\/fr\/"},{"@type":"ListItem","position":2,"name":"Politique de confidentialit\u00e9"}]},{"@type":"WebSite","@id":"https:\/\/castelloraphael.com\/fr\/#website","url":"https:\/\/castelloraphael.com\/fr\/","name":"Castello Raphael","description":"Wedding And Event","publisher":{"@id":"https:\/\/castelloraphael.com\/fr\/#organization"},"potentialAction":[{"@type":"SearchAction","target":{"@type":"EntryPoint","urlTemplate":"https:\/\/castelloraphael.com\/fr\/?s={search_term_string}"},"query-input":"required name=search_term_string"}],"inLanguage":"fr-FR"},{"@type":"Organization","@id":"https:\/\/castelloraphael.com\/fr\/#organization","name":"Castello Raphael","url":"https:\/\/castelloraphael.com\/fr\/","logo":{"@type":"ImageObject","inLanguage":"fr-FR","@id":"https:\/\/castelloraphael.com\/fr\/#\/schema\/logo\/image\/","url":"https:\/\/castelloraphael.com\/wp-content\/uploads\/2024\/01\/LOGHI-X-SITO-02.png","contentUrl":"https:\/\/castelloraphael.com\/wp-content\/uploads\/2024\/01\/LOGHI-X-SITO-02.png","width":737,"height":385,"caption":"Castello Raphael"},"image":{"@id":"https:\/\/castelloraphael.com\/fr\/#\/schema\/logo\/image\/"},"sameAs":["https:\/\/www.facebook.com\/p\/Castello-Raphael-61557281601395\/"]}]}},"_links":{"self":[{"href":"https:\/\/castelloraphael.com\/fr\/wp-json\/wp\/v2\/pages\/2004"}],"collection":[{"href":"https:\/\/castelloraphael.com\/fr\/wp-json\/wp\/v2\/pages"}],"about":[{"href":"https:\/\/castelloraphael.com\/fr\/wp-json\/wp\/v2\/types\/page"}],"author":[{"embeddable":true,"href":"https:\/\/castelloraphael.com\/fr\/wp-json\/wp\/v2\/users\/1"}],"replies":[{"embeddable":true,"href":"https:\/\/castelloraphael.com\/fr\/wp-json\/wp\/v2\/comments?post=2004"}],"version-history":[{"count":4,"href":"https:\/\/castelloraphael.com\/fr\/wp-json\/wp\/v2\/pages\/2004\/revisions"}],"predecessor-version":[{"id":2008,"href":"https:\/\/castelloraphael.com\/fr\/wp-json\/wp\/v2\/pages\/2004\/revisions\/2008"}],"wp:attachment":[{"href":"https:\/\/castelloraphael.com\/fr\/wp-json\/wp\/v2\/media?parent=2004"}],"curies":[{"name":"wp","href":"https:\/\/api.w.org\/{rel}","templated":true}]}}